{"id":6258,"date":"2023-11-08T21:52:38","date_gmt":"2023-11-08T18:52:38","guid":{"rendered":"https:\/\/ermtech.com.tr\/magaza\/?post_type=product&#038;p=6258"},"modified":"2025-03-21T16:34:25","modified_gmt":"2025-03-21T13:34:25","slug":"neta-mba36-mobilsat-tek-cikisli-arac-karavan-uydu-anten","status":"publish","type":"product","link":"https:\/\/ermtech.com.tr\/magaza\/urun\/neta-mba36-mobilsat-tek-cikisli-arac-karavan-uydu-anten","title":{"rendered":"Neta MBA36 Mobilsat  Tek \u00c7\u0131k\u0131\u015fl\u0131 Ara\u00e7, Karavan Uydu Anten"},"content":{"rendered":"<div id=\"Jpills-two-example1\" class=\"tab-pane fade active show\" role=\"tabpanel\" aria-labelledby=\"Jpills-two-example1-tab\">\n<p><span style=\"color: f28b00; font-family: helvetica; font-weight: bold; font-size: 18px; letter-spacing: -0.3px;\">Neta MBA36 Mobilsat Tek \u00c7\u0131k\u0131\u015fl\u0131 Ara\u00e7, Karavan Uydu Anten<\/span><\/p>\n<p>MBA36 AUTOSKEW geni\u015f bir kullan\u0131m b\u00f6lgesi i\u00e7erisinde, farkl\u0131<\/p>\n<p>uydular\u0131 izleme imkan\u0131 sunan bir mobil anten sistemidir.<\/p>\n<p>Uydu ile ilgili t\u00fcm ayarlar\u0131n\u0131 otomatik olarak yapar.\u00a0<strong>\u00a0<\/strong><\/p>\n<p>Birden fazla uydu deste\u011fi, Tam otomatik skew ayar\u0131,<strong>( karavan veya tekne hareket halindeyken ara\u00e7 hareket etti\u011finde birden fazla uyduya ba\u011flanarak yay\u0131n kesintisi yapmaz. )<\/strong><\/p>\n<p>Entegre GPS sens\u00f6r\u00fc, H\u0131zl\u0131 uydu de\u011fi\u015ftirme,<\/p>\n<p>Geni\u015f elevasyon takip aral\u0131\u011f\u0131,<\/p>\n<p>Y\u00fcksek Kazan\u00e7, Ultra-hassas Gyro Sens\u00f6rleri,<\/p>\n<p>Geli\u015fmi\u015f Uydu Takip Sistemi,<\/p>\n<p>Estetik Kubbe Tasar\u0131m\u0131,<\/p>\n<p>Tek bir kablo ile kolay montaj imkan\u0131.SIS Uydu Tan\u0131mlama Sistemi ile dijital uydu sinyal i\u015flemcisi kullan\u0131larak uydudan gelen bilgiler tan\u0131mlan\u0131r ve do\u011fru uydunun bulunmas\u0131n\u0131 sa\u011flan\u0131r.<\/p>\n<p>Anten Tipi Parabol<\/p>\n<p>\u00c7\u0131k\u0131\u015f Say\u0131s\u0131 1<\/p>\n<p>Standart \u00d6zellikler Autoskew, SIS, GPS, DVB-S2, USB G\u00fcncelleme<\/p>\n<p>Opsiyonel \u00d6zellikler 1<\/p>\n<p>LNB Tipi \u00dcniversal Twin ya da Quad<\/p>\n<p>Frekans Band\u0131 Ku Band<\/p>\n<p>Frekans Aral\u0131\u011f\u0131 10,70 ~ 12,75 GHz<\/p>\n<p>Anten Kazanc\u0131 32 dBi<\/p>\n<p>Min EIRP 48 dBW<\/p>\n<p>Polarizasyon H\/V<\/p>\n<p>Motor Kontrol\u00fc 2 eksen step motor<\/p>\n<p>Dikey Hareket Aral\u0131\u011f\u0131 20\u00b0 ~ 60\u00b0<\/p>\n<p>Yatay Hareket Aral\u0131\u011f\u0131 680\u00b0<\/p>\n<p>Dikey Hareket H\u0131z\u0131 60\u00b0 \/san.<\/p>\n<p>Yatay Hareket H\u0131z\u0131 60\u00b0 \/san.<\/p>\n<p>Uydu Kilitlenme S\u00fcresi \u00a0 &lt;10 saniye<\/p>\n<p>Kontrolbox Ba\u011flant\u0131s\u0131 Tek kablo<\/p>\n<p>Saklama S\u0131cakl\u0131\u011f\u0131 -30\u00b0C ~ +70\u00b0C<\/p>\n<p>\u00c7al\u0131\u015fma S\u0131cakl\u0131\u011f\u0131 -15\u00b0C ~ 50\u00b0C<\/p>\n<p>Besleme Gerilimi 12 ~ 24V<\/p>\n<p>E\u015fde\u011fer Anten 40 cm parabol<\/p>\n<p>Kontrolbox (GxYxD) 26x18x5 cm<\/p>\n<p>Ebatlar (UxGxY) 83x82x36 cm<\/p>\n<p>A\u011f\u0131rl\u0131k 12,5 kg<\/p>\n<p><strong>Not: Sadece T\u00fcrksat Uydu kanallar\u0131n\u0131 \u00e7ekmektedir.\u00a0Di\u011fer uydular\u0131 izlemek isterseniz sipari\u015f \u00f6ncesi talep a\u00e7man\u0131z gerekmektedir.<\/strong><\/p>\n<div class=\"videodetector\"><iframe src=\"https:\/\/www.youtube.com\/embed\/8aFGM4LB9gE?autohide=1&amp;controls=1&amp;showinfo=0\" frameborder=\"0\"><\/iframe><\/div>\n<\/div>\n","protected":false},"excerpt":{"rendered":"<p><img decoding=\"async\" class=\"alignnone size-full wp-image-6873\" src=\"https:\/\/ermtech.com.tr\/magaza\/wp-content\/uploads\/sites\/2\/2023\/11\/netaLOGO-e1699795472344.png\" alt=\"\" width=\"179\" height=\"74\" \/><\/p>\n","protected":false},"featured_media":5559,"comment_status":"open","ping_status":"closed","template":"","meta":{"_acf_changed":false},"product_cat":[322],"product_tag":[],"class_list":{"0":"post-6258","1":"product","2":"type-product","3":"status-publish","4":"has-post-thumbnail","6":"product_cat-karavan-antenleri","8":"first","9":"instock","10":"taxable","11":"shipping-taxable","12":"purchasable","13":"product-type-simple"},"acf":[],"_links":{"self":[{"href":"https:\/\/ermtech.com.tr\/magaza\/wp-json\/wp\/v2\/product\/6258","targetHints":{"allow":["GET"]}}],"collection":[{"href":"https:\/\/ermtech.com.tr\/magaza\/wp-json\/wp\/v2\/product"}],"about":[{"href":"https:\/\/ermtech.com.tr\/magaza\/wp-json\/wp\/v2\/types\/product"}],"replies":[{"embeddable":true,"href":"https:\/\/ermtech.com.tr\/magaza\/wp-json\/wp\/v2\/comments?post=6258"}],"version-history":[{"count":2,"href":"https:\/\/ermtech.com.tr\/magaza\/wp-json\/wp\/v2\/product\/6258\/revisions"}],"predecessor-version":[{"id":7236,"href":"https:\/\/ermtech.com.tr\/magaza\/wp-json\/wp\/v2\/product\/6258\/revisions\/7236"}],"wp:featuredmedia":[{"embeddable":true,"href":"https:\/\/ermtech.com.tr\/magaza\/wp-json\/wp\/v2\/media\/5559"}],"wp:attachment":[{"href":"https:\/\/ermtech.com.tr\/magaza\/wp-json\/wp\/v2\/media?parent=6258"}],"wp:term":[{"taxonomy":"product_cat","embeddable":true,"href":"https:\/\/ermtech.com.tr\/magaza\/wp-json\/wp\/v2\/product_cat?post=6258"},{"taxonomy":"product_tag","embeddable":true,"href":"https:\/\/ermtech.com.tr\/magaza\/wp-json\/wp\/v2\/product_tag?post=6258"}],"curies":[{"name":"wp","href":"https:\/\/api.w.org\/{rel}","templated":true}]}}