{"id":6257,"date":"2023-11-08T21:52:38","date_gmt":"2023-11-08T18:52:38","guid":{"rendered":"https:\/\/ermtech.com.tr\/magaza\/?post_type=product&#038;p=6257"},"modified":"2025-03-21T16:32:55","modified_gmt":"2025-03-21T13:32:55","slug":"neta-mta65-auto-motosat-arac-karavan-uydu-anten","status":"publish","type":"product","link":"https:\/\/ermtech.com.tr\/magaza\/urun\/neta-mta65-auto-motosat-arac-karavan-uydu-anten","title":{"rendered":"Neta MTA65 AutoSkew Twin Motosat Ara\u00e7 Karavan Uydu Anten"},"content":{"rendered":"<div id=\"Jpills-two-example1\" class=\"tab-pane fade active show\" role=\"tabpanel\" aria-labelledby=\"Jpills-two-example1-tab\">\n<p><span style=\"color: f28b00; font-family: helvetica; font-weight: bold; font-size: 18px; letter-spacing: -0.3px;\">Neta MTA65 Auto Motosat Ara\u00e7 Karavan Uydu Anten<\/span><\/p>\n<p>Paslanmaz mekanizmas\u0131 ile bak\u0131m gerektirmeden y\u0131llar boyu sorunsuz \u00e7al\u0131\u015facak \u015fekilde \u00fcretilmi\u015f olup SD ve HD uydu yay\u0131nlar\u0131n\u0131n<\/p>\n<p>al\u0131nmas\u0131nda kullan\u0131l\u0131r.<\/p>\n<p>Ara\u00e7 motoru \u00e7al\u0131\u015ft\u0131r\u0131ld\u0131\u011f\u0131nda otomatik kapanma \u00f6zelli\u011fi vard\u0131r.<\/p>\n<p><strong>Neta MTA 65 AUTOSKEW\u00a0 \u00f6zelli\u011fini sayesinde <\/strong><\/p>\n<p><strong>farkl\u0131 b\u00f6lgelerde, farkl\u0131 uydular\u0131n izlenmesine olanak sa\u011flar.<\/strong><\/p>\n<p>Twin opsiyonu ile ayn\u0131 anda iki ayr\u0131 \u00e7\u0131k\u0131\u015f imkan\u0131 sa\u011flar.<\/p>\n<p>SmartSearch opsiyonu, elektronik e\u011fim \u00f6l\u00e7er ve elektronik pusula<\/p>\n<p>sens\u00f6rleri ile uydunun y\u00f6n\u00fc tespit edip, \u00e7ok daha k\u0131sa bir s\u00fcrede kilitlenme sa\u011flar.<\/p>\n<p>SIS Uydu Tan\u0131mlama Sistemi ile dijital uydu sinyal i\u015flemcisi<\/p>\n<p>kullan\u0131larak uydudan gelen bilgiler tan\u0131mlan\u0131r ve do\u011fru uydunun bulunmas\u0131n\u0131 sa\u011flan\u0131r.<\/p>\n<table style=\"width: 497px;\" border=\"0\" width=\"497\" cellspacing=\"0\" cellpadding=\"0\">\n<colgroup>\n<col \/>\n<col \/> <\/colgroup>\n<tbody>\n<tr>\n<td style=\"height: 29px; width: 497px;\" colspan=\"2\" height=\"29\">MTA65<\/td>\n<\/tr>\n<tr>\n<td style=\"height: 29px; width: 235px;\" height=\"29\">Anten Tipi<\/td>\n<td style=\"width: 263px;\">Offset<\/td>\n<\/tr>\n<tr>\n<td style=\"height: 29px; width: 235px;\" height=\"29\">\u00c7\u0131k\u0131\u015f Say\u0131s\u0131<\/td>\n<td style=\"width: 263px;\">1 ya da 2<\/td>\n<\/tr>\n<tr>\n<td style=\"height: 29px; width: 235px;\" height=\"29\">Standart \u00d6zellikler<\/td>\n<td style=\"width: 263px;\">SIS, DVB-S2, Auto Park, Mobile Remote, USB G\u00fcncelleme<\/td>\n<\/tr>\n<tr>\n<td style=\"height: 29px; width: 235px;\" height=\"29\"><strong>Opsiyonel \u00d6zellikler<\/strong><\/td>\n<td style=\"width: 263px;\"><strong>Uydu Al\u0131c\u0131,<\/strong> GPS, Perfore \u00c7anak, Kontrol Paneli,\u00a0<strong>Auto-skew\u00a0<\/strong><\/td>\n<\/tr>\n<tr>\n<td style=\"height: 29px; width: 235px;\" height=\"29\">Uydu Say\u0131s\u0131<\/td>\n<td style=\"width: 263px;\">6<\/td>\n<\/tr>\n<tr>\n<td style=\"height: 29px; width: 235px;\" height=\"29\">LNB Tipi<\/td>\n<td style=\"width: 263px;\">Universal Single LNB<\/td>\n<\/tr>\n<tr>\n<td style=\"height: 29px; width: 235px;\" height=\"29\">Frekans Band\u0131<\/td>\n<td style=\"width: 263px;\">Ku Band<\/td>\n<\/tr>\n<tr>\n<td style=\"height: 29px; width: 235px;\" height=\"29\">Frekans Aral\u0131\u011f\u0131<\/td>\n<td style=\"width: 263px;\">10,7 &#8211; 12,75 GHz \/ 460 &#8211; 862 MHz<\/td>\n<\/tr>\n<tr>\n<td style=\"height: 29px; width: 235px;\" height=\"29\">Anten Kazanc\u0131<\/td>\n<td style=\"width: 263px;\">36,2 dBi @11,8 GHz<\/td>\n<\/tr>\n<tr>\n<td style=\"height: 29px; width: 235px;\" height=\"29\">Min. EIRP<\/td>\n<td style=\"width: 263px;\">44,5 dbW<\/td>\n<\/tr>\n<tr>\n<td style=\"height: 29px; width: 235px;\" height=\"29\">Polarizasyon<\/td>\n<td style=\"width: 263px;\">H\/V<\/td>\n<\/tr>\n<tr>\n<td style=\"height: 29px; width: 235px;\" height=\"29\">Motor Kontrol\u00fc<\/td>\n<td style=\"width: 263px;\">2 Eksen DC Motor<\/td>\n<\/tr>\n<tr>\n<td style=\"height: 29px; width: 235px;\" height=\"29\">Azimuth Aral\u0131\u011f\u0131<\/td>\n<td style=\"width: 263px;\">380\u00b0<\/td>\n<\/tr>\n<tr>\n<td style=\"height: 29px; width: 235px;\" height=\"29\">Elevasyon Aral\u0131\u011f\u0131<\/td>\n<td style=\"width: 263px;\">0\u00b0 &#8211; 75\u00b0<\/td>\n<\/tr>\n<tr>\n<td style=\"height: 29px; width: 235px;\" height=\"29\">Azimuth H\u0131z\u0131<\/td>\n<td style=\"width: 263px;\">20\u00b0\/san<\/td>\n<\/tr>\n<tr>\n<td style=\"height: 29px; width: 235px;\" height=\"29\">Elevasyon H\u0131z\u0131<\/td>\n<td style=\"width: 263px;\">20\u00b0\/san<\/td>\n<\/tr>\n<tr>\n<td style=\"height: 29px; width: 235px;\" height=\"29\">Uydu Bulma S\u00fcresi<\/td>\n<td style=\"width: 263px;\">&lt;30 saniye<\/td>\n<\/tr>\n<tr>\n<td style=\"height: 29px; width: 235px;\" height=\"29\">Kontrol Box Ba\u011flant\u0131s\u0131<\/td>\n<td style=\"width: 263px;\">\u0130ki kablo (RF ve Motor)<\/td>\n<\/tr>\n<tr>\n<td style=\"height: 29px; width: 235px;\" height=\"29\">Saklama S\u0131cakl\u0131\u011f\u0131<\/td>\n<td style=\"width: 263px;\">-30\u00b0C ~ +70\u00b0C<\/td>\n<\/tr>\n<tr>\n<td style=\"height: 29px; width: 235px;\" height=\"29\">\u00c7al\u0131\u015fma S\u0131cakl\u0131\u011f\u0131<\/td>\n<td style=\"width: 263px;\">-15\u00b0C ~ +50\u00b0C<\/td>\n<\/tr>\n<tr>\n<td style=\"height: 29px; width: 235px;\" height=\"29\">Besleme Gerilimi<\/td>\n<td style=\"width: 263px;\">12&#8230;24 Volt DC<\/td>\n<\/tr>\n<tr>\n<td style=\"height: 29px; width: 235px;\" height=\"29\">Anten (En x Y\u00fckseklik)<\/td>\n<td style=\"width: 263px;\">63&#215;67 cm offset<\/td>\n<\/tr>\n<tr>\n<td style=\"height: 29px; width: 235px;\" height=\"29\">Kontrol Box (GxYxD)<\/td>\n<td style=\"width: 263px;\">18x13x4 cm<\/td>\n<\/tr>\n<tr>\n<td style=\"height: 29px; width: 235px;\" height=\"29\">Ebatlar (UxGxY)<\/td>\n<td style=\"width: 263px;\">87x66x20 cm<\/td>\n<\/tr>\n<tr>\n<td style=\"height: 29px; width: 235px;\" height=\"29\">A\u011f\u0131rl\u0131k<\/td>\n<td style=\"width: 263px;\">12,1 kg<\/td>\n<\/tr>\n<\/tbody>\n<\/table>\n<div class=\"videodetector\"><iframe src=\"https:\/\/www.youtube.com\/embed\/8aFGM4LB9gE?autohide=1&amp;controls=1&amp;showinfo=0\" frameborder=\"0\"><\/iframe><\/div>\n<\/div>\n","protected":false},"excerpt":{"rendered":"<p><img decoding=\"async\" class=\"alignnone size-full wp-image-6873\" src=\"https:\/\/ermtech.com.tr\/magaza\/wp-content\/uploads\/sites\/2\/2023\/11\/netaLOGO-e1699795472344.png\" alt=\"\" width=\"179\" height=\"74\" \/><\/p>\n","protected":false},"featured_media":5558,"comment_status":"open","ping_status":"closed","template":"","meta":{"_acf_changed":false},"product_cat":[322],"product_tag":[],"class_list":{"0":"post-6257","1":"product","2":"type-product","3":"status-publish","4":"has-post-thumbnail","6":"product_cat-karavan-antenleri","8":"first","9":"instock","10":"taxable","11":"shipping-taxable","12":"purchasable","13":"product-type-simple"},"acf":[],"_links":{"self":[{"href":"https:\/\/ermtech.com.tr\/magaza\/wp-json\/wp\/v2\/product\/6257","targetHints":{"allow":["GET"]}}],"collection":[{"href":"https:\/\/ermtech.com.tr\/magaza\/wp-json\/wp\/v2\/product"}],"about":[{"href":"https:\/\/ermtech.com.tr\/magaza\/wp-json\/wp\/v2\/types\/product"}],"replies":[{"embeddable":true,"href":"https:\/\/ermtech.com.tr\/magaza\/wp-json\/wp\/v2\/comments?post=6257"}],"version-history":[{"count":2,"href":"https:\/\/ermtech.com.tr\/magaza\/wp-json\/wp\/v2\/product\/6257\/revisions"}],"predecessor-version":[{"id":7235,"href":"https:\/\/ermtech.com.tr\/magaza\/wp-json\/wp\/v2\/product\/6257\/revisions\/7235"}],"wp:featuredmedia":[{"embeddable":true,"href":"https:\/\/ermtech.com.tr\/magaza\/wp-json\/wp\/v2\/media\/5558"}],"wp:attachment":[{"href":"https:\/\/ermtech.com.tr\/magaza\/wp-json\/wp\/v2\/media?parent=6257"}],"wp:term":[{"taxonomy":"product_cat","embeddable":true,"href":"https:\/\/ermtech.com.tr\/magaza\/wp-json\/wp\/v2\/product_cat?post=6257"},{"taxonomy":"product_tag","embeddable":true,"href":"https:\/\/ermtech.com.tr\/magaza\/wp-json\/wp\/v2\/product_tag?post=6257"}],"curies":[{"name":"wp","href":"https:\/\/api.w.org\/{rel}","templated":true}]}}