{"id":6256,"date":"2023-11-08T21:52:38","date_gmt":"2023-11-08T18:52:38","guid":{"rendered":"https:\/\/ermtech.com.tr\/magaza\/?post_type=product&#038;p=6256"},"modified":"2025-03-21T16:32:08","modified_gmt":"2025-03-21T13:32:08","slug":"neta-mpa38-portatif-arac-karavan-uydu-anten","status":"publish","type":"product","link":"https:\/\/ermtech.com.tr\/magaza\/urun\/neta-mpa38-portatif-arac-karavan-uydu-anten","title":{"rendered":"Neta MPA38 Portatif Ara\u00e7 Karavan Uydu Anten"},"content":{"rendered":"<div id=\"Jpills-two-example1\" class=\"tab-pane fade active show\" role=\"tabpanel\" aria-labelledby=\"Jpills-two-example1-tab\">\n<p><span style=\"color: f28b00; font-family: helvetica; font-weight: bold; font-size: 18px; letter-spacing: -0.3px;\">Neta MPA38 Portatif Ara\u00e7. Karavan Uydu Anten<\/span><\/p>\n<p>&nbsp;<\/p>\n<p>MPA38 kamp ve piknik gibi kullan\u0131mlar i\u00e7in kurulum gerektirmeyen, portatif, kolay kurulumlu ve kolay kullan\u0131ml\u0131<\/p>\n<p>bir anten sistemidir.<\/p>\n<p>Anti-Theft koruma, \u00e7al\u0131nmaya kar\u015f\u0131 koruma ba\u011flant\u0131s\u0131d\u0131r.<\/p>\n<p>Portatif, Kolay kurulum ve kullan\u0131m, Otomatik uydu arama, \u00c7al\u0131nmaya kar\u015f\u0131 koruma ba\u011flant\u0131s\u0131, D\u00fc\u015f\u00fck A\u011f\u0131rl\u0131k.<\/p>\n<p>SIS Uydu Tan\u0131mlama Sistemi ile dijital uydu sinyal i\u015flemcisi kullan\u0131larak uydudan gelen bilgiler tan\u0131mlan\u0131r ve<\/p>\n<p>do\u011fru uydunun bulunmas\u0131n\u0131 sa\u011flan\u0131r.<\/p>\n<p>Anten Tipi<\/p>\n<p>Cassegrain<\/p>\n<p>\u00c7\u0131k\u0131\u015f Say\u0131s\u0131<\/p>\n<p>1 ya da 2<\/p>\n<p>Standart \u00d6zellikler<\/p>\n<p>SIS, DVB-S2, Anti-Theft Koruma, USB G\u00fcncelleme<\/p>\n<p>Opsiyonel \u00d6zellikler<\/p>\n<p>2 \u00e7\u0131k\u0131\u015f, Auto Skew, Power Adaptor<\/p>\n<p>LNB Tipi<\/p>\n<p>\u00dcniversal Single ya da Twin<\/p>\n<p>Frekans Band\u0131<\/p>\n<p>Ku Band<\/p>\n<p>Frekans Aral\u0131\u011f\u0131<\/p>\n<p>10,70 ~ 12,75 GHz<\/p>\n<p>Anten Kazanc\u0131<\/p>\n<p>32,2 dBi<\/p>\n<p>Min EIRP<\/p>\n<p>48 dBW<\/p>\n<p>Polarizasyon<\/p>\n<p>H\/V<\/p>\n<p>Motor Kontrol\u00fc<\/p>\n<p>2 eksen step motor<\/p>\n<p>Dikey Hareket Aral\u0131\u011f\u0131<\/p>\n<p>0\u00b0 ~ 80\u00b0<\/p>\n<p>Yatay Hareket Aral\u0131\u011f\u0131<\/p>\n<p>380\u00b0<\/p>\n<p>Dikey Hareket H\u0131z\u0131<\/p>\n<p>60\u00b0 \/san.<\/p>\n<p>Yatay Hareket H\u0131z\u0131<\/p>\n<p>60\u00b0 \/san.<\/p>\n<p>Uydu Kilitlenme S\u00fcresi<\/p>\n<p>&lt;10 saniye<\/p>\n<p>Kontrolbox Ba\u011flant\u0131s\u0131<\/p>\n<p>Tek kablo<\/p>\n<p>Saklama S\u0131cakl\u0131\u011f\u0131<\/p>\n<p>-30\u00b0C ~ +70\u00b0C<\/p>\n<p>\u00c7al\u0131\u015fma S\u0131cakl\u0131\u011f\u0131<\/p>\n<p>-15\u00b0C ~ 50\u00b0C<\/p>\n<p>Besleme Gerilimi<\/p>\n<p>12 ~ 24V<\/p>\n<p>Anten \u00c7ap\u0131<\/p>\n<p>38 cm<\/p>\n<p>Kontrolbox (GxYxD)<\/p>\n<p>18x13x4 cm<\/p>\n<p>Ebatlar (UxGxY)<\/p>\n<p>45x48x46 cm<\/p>\n<p>A\u011f\u0131rl\u0131k<\/p>\n<p>5,5 kg<\/p>\n<div class=\"videodetector\"><iframe src=\"https:\/\/www.youtube.com\/embed\/8aFGM4LB9gE?autohide=1&amp;controls=1&amp;showinfo=0\" frameborder=\"0\"><\/iframe><\/div>\n<\/div>\n","protected":false},"excerpt":{"rendered":"<p><img decoding=\"async\" class=\"alignnone size-full wp-image-6873\" src=\"https:\/\/ermtech.com.tr\/magaza\/wp-content\/uploads\/sites\/2\/2023\/11\/netaLOGO-e1699795472344.png\" alt=\"\" width=\"179\" height=\"74\" \/><\/p>\n","protected":false},"featured_media":5557,"comment_status":"open","ping_status":"closed","template":"","meta":{"_acf_changed":false},"product_cat":[322],"product_tag":[],"class_list":{"0":"post-6256","1":"product","2":"type-product","3":"status-publish","4":"has-post-thumbnail","6":"product_cat-karavan-antenleri","8":"first","9":"instock","10":"taxable","11":"shipping-taxable","12":"purchasable","13":"product-type-simple"},"acf":[],"_links":{"self":[{"href":"https:\/\/ermtech.com.tr\/magaza\/wp-json\/wp\/v2\/product\/6256","targetHints":{"allow":["GET"]}}],"collection":[{"href":"https:\/\/ermtech.com.tr\/magaza\/wp-json\/wp\/v2\/product"}],"about":[{"href":"https:\/\/ermtech.com.tr\/magaza\/wp-json\/wp\/v2\/types\/product"}],"replies":[{"embeddable":true,"href":"https:\/\/ermtech.com.tr\/magaza\/wp-json\/wp\/v2\/comments?post=6256"}],"version-history":[{"count":1,"href":"https:\/\/ermtech.com.tr\/magaza\/wp-json\/wp\/v2\/product\/6256\/revisions"}],"predecessor-version":[{"id":7234,"href":"https:\/\/ermtech.com.tr\/magaza\/wp-json\/wp\/v2\/product\/6256\/revisions\/7234"}],"wp:featuredmedia":[{"embeddable":true,"href":"https:\/\/ermtech.com.tr\/magaza\/wp-json\/wp\/v2\/media\/5557"}],"wp:attachment":[{"href":"https:\/\/ermtech.com.tr\/magaza\/wp-json\/wp\/v2\/media?parent=6256"}],"wp:term":[{"taxonomy":"product_cat","embeddable":true,"href":"https:\/\/ermtech.com.tr\/magaza\/wp-json\/wp\/v2\/product_cat?post=6256"},{"taxonomy":"product_tag","embeddable":true,"href":"https:\/\/ermtech.com.tr\/magaza\/wp-json\/wp\/v2\/product_tag?post=6256"}],"curies":[{"name":"wp","href":"https:\/\/api.w.org\/{rel}","templated":true}]}}