{"id":6255,"date":"2023-11-08T21:52:38","date_gmt":"2023-11-08T18:52:38","guid":{"rendered":"https:\/\/ermtech.com.tr\/magaza\/?post_type=product&#038;p=6255"},"modified":"2025-03-21T16:31:18","modified_gmt":"2025-03-21T13:31:18","slug":"neta-mba22-mobilsat-tek-cikisli-arac-karavan-uydu-anten","status":"publish","type":"product","link":"https:\/\/ermtech.com.tr\/magaza\/urun\/neta-mba22-mobilsat-tek-cikisli-arac-karavan-uydu-anten","title":{"rendered":"Neta MBA22 Mobilsat  Tek \u00c7\u0131k\u0131\u015fl\u0131 Ara\u00e7, Karavan Uydu Anten"},"content":{"rendered":"<div id=\"Jpills-two-example1\" class=\"tab-pane fade active show\" role=\"tabpanel\" aria-labelledby=\"Jpills-two-example1-tab\">\n<p><span style=\"color: f28b00; font-family: helvetica; font-weight: bold; font-size: 18px; letter-spacing: -0.3px;\">Neta MBA22 Mobilsat Tek \u00c7\u0131k\u0131\u015fl\u0131 Ara\u00e7, Karavan Uydu Anten<\/span><\/p>\n<p>MBA22 hareketli ortamlar i\u00e7in geli\u015ftirilmi\u015f, d\u00fc\u015f\u00fck y\u00fckseklikli fakat y\u00fcksek performansl\u0131 bir mobil anten sistemidir. Y\u00fckseklik s\u0131n\u0131r\u0131 olan kullan\u0131m yerleri i\u00e7in uygun bir tercih olup kapsama alan\u0131 i\u00e7erisindeki bir \u00e7ok yay\u0131n\u0131n izlenmesini sa\u011flar. SIS Uydu Tan\u0131mlama Sistemi ile dijital uydu sinyal i\u015flemcisi kullan\u0131larak uydudan gelen bilgiler tan\u0131mlan\u0131r ve do\u011fru uydunun bulunmas\u0131n\u0131 sa\u011flan\u0131r.<\/p>\n<p>Neta MBA22 uydu anteninin bir di\u011fer antenlere g\u00f6re \u00f6zellik fark\u0131, daha estetik ve daha k\u0131sa olmas\u0131d\u0131r.<\/p>\n<p><strong>Not: Sadece T\u00fcrksat Uydu kanallar\u0131n\u0131 \u00e7ekmektedir.\u00a0Di\u011fer uydular\u0131 izlemek isterseniz sipari\u015f \u00f6ncesi talep a\u00e7man\u0131z gerekmektedir.<\/strong><\/p>\n<p><img decoding=\"async\" style=\"width: 1000px; height: 1417px;\" src=\"http:\/\/www.kampkaravanmarket.com\/Resimler\/Netakaravanuyduanteni\/Neta_MBA22_1_Ckl_Marin_Arac_Karavan_Uydu_Anteni.jpg\" alt=\"Neta MBA22 1 \u00c7\u0131k\u0131\u015fl\u0131 Marin, Ara\u00e7, Karavan Uydu Anteni\" \/><\/p>\n<table border=\"0\" width=\"757\" cellspacing=\"0\" cellpadding=\"0\">\n<tbody>\n<tr>\n<td width=\"209\" height=\"26\">MBA22<\/td>\n<td width=\"548\">\u00d6zellikler<\/td>\n<\/tr>\n<tr>\n<td width=\"209\" height=\"26\">Anten Tipi<\/td>\n<td width=\"548\">Cassegrain<\/td>\n<\/tr>\n<tr>\n<td width=\"209\" height=\"26\">\u00c7\u0131k\u0131\u015f Say\u0131s\u0131<\/td>\n<td width=\"548\">1 ya da 3<\/td>\n<\/tr>\n<tr>\n<td width=\"209\" height=\"26\">Standart \u00d6zellikler<\/td>\n<td width=\"548\">SIS, DVB-S2, Auto Park, Mobile Remote, USB G\u00fcncelleme, Kontrol Paneli<\/td>\n<\/tr>\n<tr>\n<td width=\"209\" height=\"26\">Opsiyonel \u00d6zellikler<\/td>\n<td width=\"548\">3 \u00e7\u0131k\u0131\u015f, HD Receiver<\/td>\n<\/tr>\n<tr>\n<td width=\"209\" height=\"26\">Uydu Say\u0131s\u0131<\/td>\n<td width=\"548\">6<\/td>\n<\/tr>\n<tr>\n<td width=\"209\" height=\"26\">LNB Tipi<\/td>\n<td width=\"548\">Universal Twin ya da Quad<\/td>\n<\/tr>\n<tr>\n<td width=\"209\" height=\"26\">Frekans Band\u0131<\/td>\n<td width=\"548\">Ku Band<\/td>\n<\/tr>\n<tr>\n<td width=\"209\" height=\"26\">Frekans Aral\u0131\u011f\u0131<\/td>\n<td width=\"548\">10,7 GHz &#8211; 12,75 GHz<\/td>\n<\/tr>\n<tr>\n<td width=\"209\" height=\"26\">Anten Kazanc\u0131<\/td>\n<td width=\"548\">29,5\u00a0dBi @11,8 GHz<\/td>\n<\/tr>\n<tr>\n<td width=\"209\" height=\"26\">Min. EIRP<\/td>\n<td width=\"548\">51 dBW<\/td>\n<\/tr>\n<tr>\n<td width=\"209\" height=\"26\">Polarizasyon<\/td>\n<td width=\"548\">H\/V<\/td>\n<\/tr>\n<tr>\n<td width=\"209\" height=\"26\">Motor Kontrol\u00fc<\/td>\n<td width=\"548\">2 Eksen DC Motor<\/td>\n<\/tr>\n<tr>\n<td width=\"209\" height=\"26\">Azimuth Aral\u0131\u011f\u0131<\/td>\n<td width=\"548\">680\u00b0<\/td>\n<\/tr>\n<tr>\n<td width=\"209\" height=\"26\">Elevasyon Aral\u0131\u011f\u0131<\/td>\n<td width=\"548\">35\u00b0 &#8211; 50\u00b0<\/td>\n<\/tr>\n<tr>\n<td width=\"209\" height=\"26\">Azimuth H\u0131z\u0131<\/td>\n<td width=\"548\">60\u00b0\/san<\/td>\n<\/tr>\n<tr>\n<td width=\"209\" height=\"26\">Elevasyon H\u0131z\u0131<\/td>\n<td width=\"548\">60\u00b0\/san<\/td>\n<\/tr>\n<tr>\n<td width=\"209\" height=\"26\">Uydu Bulma S\u00fcresi<\/td>\n<td width=\"548\">&lt;10 saniye<\/td>\n<\/tr>\n<tr>\n<td width=\"209\" height=\"26\">Kontrol Box Ba\u011flant\u0131s\u0131<\/td>\n<td width=\"548\">Tek kablo<\/td>\n<\/tr>\n<tr>\n<td width=\"209\" height=\"26\">Saklama S\u0131cakl\u0131\u011f\u0131<\/td>\n<td width=\"548\">-30\u00b0C ~ +70\u00b0C<\/td>\n<\/tr>\n<tr>\n<td width=\"209\" height=\"26\">\u00c7al\u0131\u015fma S\u0131cakl\u0131\u011f\u0131<\/td>\n<td width=\"548\">-15\u00b0C ~ +50\u00b0C<\/td>\n<\/tr>\n<tr>\n<td width=\"209\" height=\"26\">Besleme Gerilimi<\/td>\n<td width=\"548\">12&#8230;24 Volt DC<\/td>\n<\/tr>\n<tr>\n<td width=\"209\" height=\"26\">E\u015fde\u011fer Anten<\/td>\n<td width=\"548\">30 cm Parabol<\/td>\n<\/tr>\n<tr>\n<td width=\"209\" height=\"26\">Kontrol Box (GxYxD)<\/td>\n<td width=\"548\">26x18x5 cm<\/td>\n<\/tr>\n<tr>\n<td width=\"209\" height=\"26\">Ebatlar (UxGxY)<\/td>\n<td width=\"548\">70x81x22 cm<\/td>\n<\/tr>\n<tr>\n<td width=\"209\" height=\"26\">A\u011f\u0131rl\u0131k<\/td>\n<td width=\"548\">8,5 kg<\/td>\n<\/tr>\n<\/tbody>\n<\/table>\n<div class=\"videodetector\"><iframe src=\"https:\/\/www.youtube.com\/embed\/8aFGM4LB9gE?autohide=1&amp;controls=1&amp;showinfo=0\" frameborder=\"0\"><\/iframe><\/div>\n<\/div>\n","protected":false},"excerpt":{"rendered":"<p><img decoding=\"async\" class=\"alignnone size-full wp-image-6873\" src=\"https:\/\/ermtech.com.tr\/magaza\/wp-content\/uploads\/sites\/2\/2023\/11\/netaLOGO-e1699795472344.png\" alt=\"\" width=\"179\" height=\"74\" \/><\/p>\n","protected":false},"featured_media":5556,"comment_status":"open","ping_status":"closed","template":"","meta":{"_acf_changed":false},"product_cat":[322],"product_tag":[],"class_list":{"0":"post-6255","1":"product","2":"type-product","3":"status-publish","4":"has-post-thumbnail","6":"product_cat-karavan-antenleri","8":"first","9":"instock","10":"taxable","11":"shipping-taxable","12":"purchasable","13":"product-type-simple"},"acf":[],"_links":{"self":[{"href":"https:\/\/ermtech.com.tr\/magaza\/wp-json\/wp\/v2\/product\/6255","targetHints":{"allow":["GET"]}}],"collection":[{"href":"https:\/\/ermtech.com.tr\/magaza\/wp-json\/wp\/v2\/product"}],"about":[{"href":"https:\/\/ermtech.com.tr\/magaza\/wp-json\/wp\/v2\/types\/product"}],"replies":[{"embeddable":true,"href":"https:\/\/ermtech.com.tr\/magaza\/wp-json\/wp\/v2\/comments?post=6255"}],"version-history":[{"count":2,"href":"https:\/\/ermtech.com.tr\/magaza\/wp-json\/wp\/v2\/product\/6255\/revisions"}],"predecessor-version":[{"id":7233,"href":"https:\/\/ermtech.com.tr\/magaza\/wp-json\/wp\/v2\/product\/6255\/revisions\/7233"}],"wp:featuredmedia":[{"embeddable":true,"href":"https:\/\/ermtech.com.tr\/magaza\/wp-json\/wp\/v2\/media\/5556"}],"wp:attachment":[{"href":"https:\/\/ermtech.com.tr\/magaza\/wp-json\/wp\/v2\/media?parent=6255"}],"wp:term":[{"taxonomy":"product_cat","embeddable":true,"href":"https:\/\/ermtech.com.tr\/magaza\/wp-json\/wp\/v2\/product_cat?post=6255"},{"taxonomy":"product_tag","embeddable":true,"href":"https:\/\/ermtech.com.tr\/magaza\/wp-json\/wp\/v2\/product_tag?post=6255"}],"curies":[{"name":"wp","href":"https:\/\/api.w.org\/{rel}","templated":true}]}}