{"id":6254,"date":"2023-11-08T21:52:33","date_gmt":"2023-11-08T18:52:33","guid":{"rendered":"https:\/\/ermtech.com.tr\/magaza\/?post_type=product&#038;p=6254"},"modified":"2026-03-28T23:08:03","modified_gmt":"2026-03-28T20:08:03","slug":"neta-mba28m-mobilsat-3-cikisli-arac-karavan-uydu-anten","status":"publish","type":"product","link":"https:\/\/ermtech.com.tr\/magaza\/urun\/neta-mba28m-mobilsat-3-cikisli-arac-karavan-uydu-anten","title":{"rendered":"Neta MBA28M Mobilsat  3 \u00c7\u0131k\u0131\u015fl\u0131 Ara\u00e7 Karavan Uydu Anten"},"content":{"rendered":"<div id=\"Jpills-two-example1\" class=\"tab-pane fade active show\" role=\"tabpanel\" aria-labelledby=\"Jpills-two-example1-tab\">\n<p><span style=\"color: f28b00; font-family: helvetica; font-weight: bold; font-size: 18px; letter-spacing: -0.3px;\">Neta MBA28M Mobilsat 3 \u00c7\u0131k\u0131\u015fl\u0131 Ara\u00e7 Karavan Uydu Anten<\/span><\/p>\n<p>Neta MBA28 Mobil Ara\u00e7 Karavan Uydu Anten 3 Tv Deste\u011fi<\/p>\n<p>M\u00fc\u015fteri Stok Kodu :\u00a0MBA28<\/p>\n<p>MBA28, hareketli ortamlar i\u00e7in geli\u015ftirilmi\u015f, d\u00fc\u015f\u00fck y\u00fckseklikli, y\u00fcksek kazan\u00e7l\u0131 bir mobil anten sistemidir.<\/p>\n<p>Minib\u00fcs ve servis ara\u00e7lar\u0131 i\u00e7in uygun bir tercih olup T\u00fcrksat yay\u0131nlar\u0131n\u0131n izlenmesini sa\u011flar.<\/p>\n<p>D\u00fc\u015f\u00fck Y\u00fckseklikli Tasar\u0131m, Ultra-hassas Gyro Sens\u00f6rleri,<\/p>\n<p>Geli\u015fmi\u015f Uydu Takip Sistemi,<\/p>\n<p>Estetik Kubbe Tasar\u0131m\u0131,<\/p>\n<p>Tek bir kablo ile kolay montaj imkan\u0131.<\/p>\n<p>SIS Uydu Tan\u0131mlama Sistemi ile dijital uydu sinyal i\u015flemcisi kullan\u0131larak uydudan gelen bilgiler tan\u0131mlan\u0131r ve<\/p>\n<p>do\u011fru uydunun bulunmas\u0131n\u0131 sa\u011flan\u0131r.<\/p>\n<p>Anten Tipi<\/p>\n<p>Parabol<\/p>\n<p>\u00c7\u0131k\u0131\u015f Say\u0131s\u0131<\/p>\n<p>3<\/p>\n<p>Standart \u00d6zellikler<\/p>\n<p>SIS<\/p>\n<p>Opsiyonel \u00d6zellikler<\/p>\n<p>&#8211;<\/p>\n<p>LNB Tipi<\/p>\n<p>\u00dcniversal Twin<\/p>\n<p>Frekans Band\u0131<\/p>\n<p>Ku Band<\/p>\n<p>Frekans Aral\u0131\u011f\u0131<\/p>\n<p>10,70 ~ 12,75 GHz<\/p>\n<p>Anten Kazanc\u0131<\/p>\n<p>30,3 dBi<\/p>\n<p>Min EIRP<\/p>\n<p>50 dBW<\/p>\n<p>Polarizasyon<\/p>\n<p>H\/V<\/p>\n<p>Motor Kontrol\u00fc<\/p>\n<p>2 eksen step motor<\/p>\n<p>Dikey Hareket Aral\u0131\u011f\u0131<\/p>\n<p>20\u00b0 ~ 55\u00b0<\/p>\n<p>Yatay Hareket Aral\u0131\u011f\u0131<\/p>\n<p>S\u0131n\u0131rs\u0131z<\/p>\n<p>Dikey Hareket H\u0131z\u0131<\/p>\n<p>60\u00b0 \/san.<\/p>\n<p>Yatay Hareket H\u0131z\u0131<\/p>\n<p>60\u00b0 \/san.<\/p>\n<p>Uydu Kilitlenme S\u00fcresi<\/p>\n<p>&lt;10 saniye<\/p>\n<p>Kontrolbox Ba\u011flant\u0131s\u0131<\/p>\n<p>Tek kablo<\/p>\n<p>Saklama S\u0131cakl\u0131\u011f\u0131<\/p>\n<p>-30\u00b0C ~ +70\u00b0C<\/p>\n<p>\u00c7al\u0131\u015fma S\u0131cakl\u0131\u011f\u0131<\/p>\n<p>-15\u00b0C ~ 50\u00b0C<\/p>\n<p>Besleme Gerilimi<\/p>\n<p>12 ~ 24V<\/p>\n<p>E\u015fde\u011fer Anten<\/p>\n<p>34 cm parabol<\/p>\n<p>Kontrolbox (GxYxD)<\/p>\n<p>26x18x5 cm<\/p>\n<p>Ebatlar (UxGxY)<\/p>\n<p>70x87x28 cm<\/p>\n<p>A\u011f\u0131rl\u0131k<\/p>\n<p>9 kg<\/p>\n<\/div>\n","protected":false},"excerpt":{"rendered":"<p><img decoding=\"async\" class=\"alignnone size-full wp-image-6873\" src=\"https:\/\/ermtech.com.tr\/magaza\/wp-content\/uploads\/sites\/2\/2023\/11\/netaLOGO-e1699795472344.png\" alt=\"\" width=\"179\" height=\"74\" \/><\/p>\n","protected":false},"featured_media":5542,"comment_status":"open","ping_status":"closed","template":"","meta":{"_acf_changed":false},"product_cat":[322],"product_tag":[],"class_list":{"0":"post-6254","1":"product","2":"type-product","3":"status-publish","4":"has-post-thumbnail","6":"product_cat-karavan-antenleri","8":"first","9":"instock","10":"taxable","11":"shipping-taxable","12":"purchasable","13":"product-type-simple"},"acf":[],"_links":{"self":[{"href":"https:\/\/ermtech.com.tr\/magaza\/wp-json\/wp\/v2\/product\/6254","targetHints":{"allow":["GET"]}}],"collection":[{"href":"https:\/\/ermtech.com.tr\/magaza\/wp-json\/wp\/v2\/product"}],"about":[{"href":"https:\/\/ermtech.com.tr\/magaza\/wp-json\/wp\/v2\/types\/product"}],"replies":[{"embeddable":true,"href":"https:\/\/ermtech.com.tr\/magaza\/wp-json\/wp\/v2\/comments?post=6254"}],"version-history":[{"count":2,"href":"https:\/\/ermtech.com.tr\/magaza\/wp-json\/wp\/v2\/product\/6254\/revisions"}],"predecessor-version":[{"id":7238,"href":"https:\/\/ermtech.com.tr\/magaza\/wp-json\/wp\/v2\/product\/6254\/revisions\/7238"}],"wp:featuredmedia":[{"embeddable":true,"href":"https:\/\/ermtech.com.tr\/magaza\/wp-json\/wp\/v2\/media\/5542"}],"wp:attachment":[{"href":"https:\/\/ermtech.com.tr\/magaza\/wp-json\/wp\/v2\/media?parent=6254"}],"wp:term":[{"taxonomy":"product_cat","embeddable":true,"href":"https:\/\/ermtech.com.tr\/magaza\/wp-json\/wp\/v2\/product_cat?post=6254"},{"taxonomy":"product_tag","embeddable":true,"href":"https:\/\/ermtech.com.tr\/magaza\/wp-json\/wp\/v2\/product_tag?post=6254"}],"curies":[{"name":"wp","href":"https:\/\/api.w.org\/{rel}","templated":true}]}}