{"id":6253,"date":"2023-11-08T21:52:33","date_gmt":"2023-11-08T18:52:33","guid":{"rendered":"https:\/\/ermtech.com.tr\/magaza\/?post_type=product&#038;p=6253"},"modified":"2025-12-09T11:32:15","modified_gmt":"2025-12-09T08:32:15","slug":"neta-4g-mifi-mobil-sinyal-guclendirici-internet-anteni","status":"publish","type":"product","link":"https:\/\/ermtech.com.tr\/magaza\/urun\/neta-4g-mifi-mobil-sinyal-guclendirici-internet-anteni","title":{"rendered":"Neta 4G Mifi Mobil Sinyal G\u00fc\u00e7lendirici \u0130nternet Anteni"},"content":{"rendered":"<div id=\"Jpills-two-example1\" class=\"tab-pane fade active show\" role=\"tabpanel\" aria-labelledby=\"Jpills-two-example1-tab\">\n<p style=\"text-align: left;\"><span style=\"color: f28b00; font-family: helvetica; font-weight: bold; font-size: 18px; letter-spacing: -0.3px;\">Neta 4G Mifi Mobil Sinyal G\u00fc\u00e7lendirici \u0130nternet Anteni<\/span><\/p>\n<p>NETA MIFI (GSM Wifi), h\u0131zl\u0131 internet ba\u011flant\u0131s\u0131 sa\u011flayan entegre bir sistemdir. \u00d6zellikle Tekne, motokaravanlar, \u00e7ekme karavanlar ve kamp\u00e7\u0131lar i\u00e7in geli\u015ftirilmi\u015ftir. G\u00fcvenilir ve geni\u015f bir kapsama alan\u0131 i\u00e7in \u00f6zel GSM ve WiFi antenlerine sahiptir. \u00d6zel tasar\u0131m kapa\u011f\u0131n i\u00e7erisinde arac\u0131n \u00fczerine monte edilmi\u015f olan sistem, daha iyi sinyal al\u0131m\u0131 sa\u011flar. Sistemin \u00e7al\u0131\u015fmas\u0131 i\u00e7in sadece g\u00fc\u00e7 kablosu gereklidir. NETA MiFi, 3G\/4G a\u011f\u0131na ba\u011flan\u0131r ve kablosuz ba\u011flant\u0131 noktas\u0131 olu\u015fturarak ayn\u0131 anda birden fazla kullan\u0131c\u0131ya internet eri\u015fimi sa\u011flar. Ak\u0131ll\u0131 telefonlar, tabletler ve di\u011fer cihazlar zay\u0131f sinyal ko\u015fullar\u0131nda bile internete eri\u015febilirler. Wifi g\u00fc\u00e7lendirici se\u00e7ene\u011fi ile, harici zay\u0131f wifi a\u011f\u0131na ba\u011flan\u0131larak kablosuz ba\u011flant\u0131 noktas\u0131 olu\u015fturulabilir.<\/p>\n<p><strong>TEKN\u0130K \u00d6ZELL\u0130KLER<\/strong><\/p>\n<p>GSM Deste\u011fi : 4G LTE. 3G<br \/>\n\u00c7al\u0131\u015fma Modlar\u0131 : 4G.<br \/>\nWiFiKablosuz A\u011f Standart\u0131 : 802.11a\/b\/g\/n\/ac<br \/>\nKablosuz A\u011f Frekans\u0131 : 2.4Ghz, 5.8Ghz<br \/>\nKablosuz A\u011f G\u00fcvenli\u011fi : WPA, WPA2, WPA\/WPA2 Mixed<br \/>\nSIM Kart Giri\u015fiMicro-SIM :\u00a0 (15mm x 12mm)\u00c7al\u0131\u015fma<br \/>\nVoltaj\u0131 : DC 12V, 2A<br \/>\nMekanik Boyutlar Anten (D\u0131\u015f Birim)25cm \u00c7ap, 15cm Y\u00fckseklik<br \/>\nRouter (\u0130\u00e7 Birim)\u00a0 : 16cm x 10cm x 5cm<br \/>\nA\u011f\u0131rl\u0131k Anten (D\u0131\u015f Birim : )&lt;1Kg<\/p>\n<p>Router (\u0130\u00e7 Birim)&lt;0.5Kg<\/p>\n<table border=\"0\" width=\"332\" cellspacing=\"0\" cellpadding=\"0\">\n<tbody>\n<tr>\n<td colspan=\"2\" width=\"332\" height=\"21\">NETA MIFI<\/td>\n<\/tr>\n<tr>\n<td width=\"193\" height=\"21\">LTE Kategorisi<\/td>\n<td width=\"139\">CAT 6<\/td>\n<\/tr>\n<tr>\n<td width=\"193\" height=\"31\">Download (\u0130ndirme H\u0131z\u0131)<\/td>\n<td width=\"139\">300Mbps&#8217;e kadar<\/td>\n<\/tr>\n<tr>\n<td width=\"193\" height=\"21\">Wifi Anten<\/td>\n<td width=\"139\">Dahili ve Harici<\/td>\n<\/tr>\n<tr>\n<td width=\"193\" height=\"21\">Wifi Repeater<\/td>\n<td width=\"139\">Var<\/td>\n<\/tr>\n<tr>\n<td width=\"193\" height=\"21\">Wifi Ba\u011flant\u0131 Mesafesi<\/td>\n<td width=\"139\">50m<\/td>\n<\/tr>\n<tr>\n<td width=\"193\" height=\"21\">Kullan\u0131c\u0131 Say\u0131s\u0131<\/td>\n<td width=\"139\">10<\/td>\n<\/tr>\n<\/tbody>\n<\/table>\n<p>Wi-Fi Extender<\/p>\n<p>H\u0131zl\u0131 ve g\u00fcvenli 4G LTE ve 3G ba\u011flant\u0131s\u0131<\/p>\n<p>10 kullan\u0131c\u0131ya kadar e\u015f zamanl\u0131 ba\u011flant\u0131 imkan\u0131<\/p>\n<p>Kolay kurulum ve h\u0131zl\u0131 kullan\u0131m<\/p>\n<p>D\u00fc\u015f\u00fck a\u011f\u0131rl\u0131k<\/p>\n<div class=\"videodetector\"><iframe src=\"https:\/\/www.youtube.com\/embed\/8aFGM4LB9gE?autohide=1&amp;controls=1&amp;showinfo=0\" frameborder=\"0\"><\/iframe><\/div>\n<\/div>\n","protected":false},"excerpt":{"rendered":"<p><img decoding=\"async\" class=\"alignnone size-full wp-image-6873\" src=\"https:\/\/ermtech.com.tr\/magaza\/wp-content\/uploads\/sites\/2\/2023\/11\/netaLOGO-e1699795472344.png\" alt=\"\" width=\"179\" height=\"74\" \/><\/p>\n","protected":false},"featured_media":5540,"comment_status":"open","ping_status":"closed","template":"","meta":{"_acf_changed":false},"product_cat":[322],"product_tag":[],"class_list":{"0":"post-6253","1":"product","2":"type-product","3":"status-publish","4":"has-post-thumbnail","6":"product_cat-karavan-antenleri","8":"first","9":"outofstock","10":"taxable","11":"shipping-taxable","12":"purchasable","13":"product-type-simple"},"acf":[],"_links":{"self":[{"href":"https:\/\/ermtech.com.tr\/magaza\/wp-json\/wp\/v2\/product\/6253","targetHints":{"allow":["GET"]}}],"collection":[{"href":"https:\/\/ermtech.com.tr\/magaza\/wp-json\/wp\/v2\/product"}],"about":[{"href":"https:\/\/ermtech.com.tr\/magaza\/wp-json\/wp\/v2\/types\/product"}],"replies":[{"embeddable":true,"href":"https:\/\/ermtech.com.tr\/magaza\/wp-json\/wp\/v2\/comments?post=6253"}],"version-history":[{"count":2,"href":"https:\/\/ermtech.com.tr\/magaza\/wp-json\/wp\/v2\/product\/6253\/revisions"}],"predecessor-version":[{"id":7285,"href":"https:\/\/ermtech.com.tr\/magaza\/wp-json\/wp\/v2\/product\/6253\/revisions\/7285"}],"wp:featuredmedia":[{"embeddable":true,"href":"https:\/\/ermtech.com.tr\/magaza\/wp-json\/wp\/v2\/media\/5540"}],"wp:attachment":[{"href":"https:\/\/ermtech.com.tr\/magaza\/wp-json\/wp\/v2\/media?parent=6253"}],"wp:term":[{"taxonomy":"product_cat","embeddable":true,"href":"https:\/\/ermtech.com.tr\/magaza\/wp-json\/wp\/v2\/product_cat?post=6253"},{"taxonomy":"product_tag","embeddable":true,"href":"https:\/\/ermtech.com.tr\/magaza\/wp-json\/wp\/v2\/product_tag?post=6253"}],"curies":[{"name":"wp","href":"https:\/\/api.w.org\/{rel}","templated":true}]}}