{"id":6250,"date":"2023-11-08T21:52:32","date_gmt":"2023-11-08T18:52:32","guid":{"rendered":"https:\/\/ermtech.com.tr\/magaza\/?post_type=product&#038;p=6250"},"modified":"2025-03-21T16:49:25","modified_gmt":"2025-03-21T13:49:25","slug":"neta-mta55-tek-cikisli-karavan-uydu-anten","status":"publish","type":"product","link":"https:\/\/ermtech.com.tr\/magaza\/urun\/neta-mta55-tek-cikisli-karavan-uydu-anten","title":{"rendered":"Neta MTA55 Tek \u00c7\u0131k\u0131\u015fl\u0131 Karavan Uydu Anten"},"content":{"rendered":"<div id=\"Jpills-two-example1\" class=\"tab-pane fade active show\" role=\"tabpanel\" aria-labelledby=\"Jpills-two-example1-tab\">\n<p><span style=\"color: f28b00; font-family: helvetica; font-weight: bold; font-size: 18px; letter-spacing: -0.3px;\">Neta MTA55 Bir \u00c7\u0131k\u0131\u015fl\u0131 Karavan Uydu Anten<\/span><\/p>\n<p><span style=\"color: f28b00; font-family: helvetica; ;font-size: 14px; letter-spacing: -0.3px;\"> Stok kodu: MTA55<\/span><\/p>\n<p><em><strong><span style=\"font-size: 14px;\">MTA55 d\u00fc\u015f\u00fck y\u00fckseklikli, oval \u015fekli ile y\u00fcksek verimli tam otomatik uydu anten sistemidir<\/span><\/strong><\/em><\/p>\n<p><span style=\"font-size: 14px;\">Ara\u00e7 tavan\u0131nda az yer kaplar. K\u00fc\u00e7\u00fck karavanlar, kamp arabalar\u0131 ve kamyonlar i\u00e7in uygundur. AUTO-PARK \u00f6zelli\u011fi sayesinde ara\u00e7 \u00e7al\u0131\u015ft\u0131r\u0131ld\u0131\u011f\u0131nda otomatik kapan\u0131r. SIS Uydu Tan\u0131mlama Sistemi ile dijital uydu sinyal i\u015flemcisi kullan\u0131larak uydudan gelen bilgiler tan\u0131mlan\u0131r ve do\u011fru uydunun bulunmas\u0131n\u0131 sa\u011flan\u0131r. Mobile Remote \u00f6zelli\u011fi sayesinde ak\u0131ll\u0131 telefon \u00fczerinden anteni kablosuz ba\u011flant\u0131 ile kontrol etmek m\u00fcmk\u00fcn olur.<\/span><\/p>\n<p><span style=\"font-size: 16px;\"><strong>\u00d6ZELL\u0130KLER<\/strong><\/span><\/p>\n<p><span style=\"font-size: 14px;\">Anten Tipi\u00a0 \u00a0 -&gt;\u00a0 Offset<br \/>\n\u00c7\u0131k\u0131\u015f Say\u0131s\u0131\u00a0 \u00a0 -&gt;\u00a0 1<br \/>\nStandart \u00d6zellikler\u00a0 \u00a0 -&gt; SIS, DVB-S2, Auto Park, Mobile Remote, USB G\u00fcncelleme<br \/>\n<strong>Opsiyonel \u00d6zellikler\u00a0\u00a0 \u00a0&#8211; Uydu Al\u0131c\u0131<\/strong><br \/>\nUydu Say\u0131s\u0131\u00a0 \u00a0 -&gt; 1<br \/>\nLNB Tipi\u00a0 \u00a0 -&gt; Universal Single LNB<br \/>\nFrekans Band\u0131\u00a0 \u00a0 -&gt;\u00a0 Ku Band<br \/>\nFrekans Aral\u0131\u011f\u0131\u00a0 \u00a0 -&gt;\u00a0 10,7 GHz &#8211; 12,75 GHz<br \/>\nAnten Kazanc\u0131\u00a0 \u00a0 -&gt;\u00a0 34,8 dBi @11.8 GHz<br \/>\nMin. EIRP\u00a0 \u00a0 -&gt;\u00a0 46,5 dbW<br \/>\nPolarizasyon\u00a0 \u00a0 -&gt;\u00a0 H\/V<br \/>\nMotor Kontrol\u00fc\u00a0 \u00a0-&gt;\u00a0 \u00a02 Eksen DC Motor<br \/>\nAzimuth Aral\u0131\u011f\u0131\u00a0 \u00a0-&gt;\u00a0 \u00a0380\u00b0<br \/>\nElevasyon Aral\u0131\u011f\u0131\u00a0 \u00a0-&gt;\u00a0 \u00a00\u00b0 &#8211; 75\u00b0<br \/>\nAzimuth H\u0131z\u0131\u00a0 \u00a0 -&gt;\u00a0 \u00a020\u00b0\/san<br \/>\nElevasyon H\u0131z\u0131\u00a0 \u00a0 -&gt;\u00a0 \u00a020\u00b0\/san<br \/>\nUydu Bulma S\u00fcresi\u00a0 \u00a0 -&gt;\u00a0 \u00a0&lt;30 saniye<br \/>\nKontrol Box Ba\u011flant\u0131s\u0131\u00a0 \u00a0-&gt;\u00a0 \u00a0\u0130ki kablo (RF ve Motor)<br \/>\nSaklama S\u0131cakl\u0131\u011f\u0131\u00a0 \u00a0-&gt;\u00a0 \u00a0 -30\u00b0C ~ +70\u00b0C<br \/>\n\u00c7al\u0131\u015fma S\u0131cakl\u0131\u011f\u0131\u00a0 -&gt;\u00a0 \u00a0 -15\u00b0C ~ +50\u00b0C<br \/>\nBesleme Gerilimi\u00a0 \u00a0 -&gt;\u00a0 \u00a012&#8230;24 Volt DC<br \/>\nAnten (En x Y\u00fckseklik)\u00a0 -&gt;\u00a0 \u00a0 58&#215;44 cm offset<br \/>\nKontrol Box (GxYxD)\u00a0 \u00a0 -&gt;\u00a0 18x13x4 cm<br \/>\nEbatlar (UxGxY)\u00a0 \u00a0 -&gt;\u00a0 \u00a060x58x16 cm<br \/>\nA\u011f\u0131rl\u0131k\u00a0 \u00a0 -&gt;\u00a0 \u00a011 kg\u00a0<\/span><\/p>\n<p><iframe title=\"NETA ELEKTRON\u0130K Tan\u0131t\u0131m Filmi\" width=\"1170\" height=\"658\" src=\"https:\/\/www.youtube.com\/embed\/jOX6re2jcDg?feature=oembed&#038;enablejsapi=1&#038;origin=https:\/\/ermtech.com.tr\" frameborder=\"0\" allow=\"accelerometer; autoplay; clipboard-write; encrypted-media; gyroscope; picture-in-picture; web-share\" referrerpolicy=\"strict-origin-when-cross-origin\" allowfullscreen><\/iframe><\/p>\n<\/div>\n","protected":false},"excerpt":{"rendered":"<p><img decoding=\"async\" class=\"alignnone wp-image-6873 size-full\" src=\"https:\/\/ermtech.com.tr\/magaza\/wp-content\/uploads\/sites\/2\/2023\/11\/netaLOGO-e1699795472344.png\" alt=\"\" width=\"179\" height=\"74\" \/><\/p>\n","protected":false},"featured_media":5536,"comment_status":"open","ping_status":"closed","template":"","meta":{"_acf_changed":false},"product_cat":[322],"product_tag":[],"class_list":{"0":"post-6250","1":"product","2":"type-product","3":"status-publish","4":"has-post-thumbnail","6":"product_cat-karavan-antenleri","8":"first","9":"instock","10":"taxable","11":"shipping-taxable","12":"purchasable","13":"product-type-simple"},"acf":[],"_links":{"self":[{"href":"https:\/\/ermtech.com.tr\/magaza\/wp-json\/wp\/v2\/product\/6250","targetHints":{"allow":["GET"]}}],"collection":[{"href":"https:\/\/ermtech.com.tr\/magaza\/wp-json\/wp\/v2\/product"}],"about":[{"href":"https:\/\/ermtech.com.tr\/magaza\/wp-json\/wp\/v2\/types\/product"}],"replies":[{"embeddable":true,"href":"https:\/\/ermtech.com.tr\/magaza\/wp-json\/wp\/v2\/comments?post=6250"}],"version-history":[{"count":2,"href":"https:\/\/ermtech.com.tr\/magaza\/wp-json\/wp\/v2\/product\/6250\/revisions"}],"predecessor-version":[{"id":7273,"href":"https:\/\/ermtech.com.tr\/magaza\/wp-json\/wp\/v2\/product\/6250\/revisions\/7273"}],"wp:featuredmedia":[{"embeddable":true,"href":"https:\/\/ermtech.com.tr\/magaza\/wp-json\/wp\/v2\/media\/5536"}],"wp:attachment":[{"href":"https:\/\/ermtech.com.tr\/magaza\/wp-json\/wp\/v2\/media?parent=6250"}],"wp:term":[{"taxonomy":"product_cat","embeddable":true,"href":"https:\/\/ermtech.com.tr\/magaza\/wp-json\/wp\/v2\/product_cat?post=6250"},{"taxonomy":"product_tag","embeddable":true,"href":"https:\/\/ermtech.com.tr\/magaza\/wp-json\/wp\/v2\/product_tag?post=6250"}],"curies":[{"name":"wp","href":"https:\/\/api.w.org\/{rel}","templated":true}]}}