{"id":6195,"date":"2023-11-08T21:52:23","date_gmt":"2023-11-08T18:52:23","guid":{"rendered":"https:\/\/ermtech.com.tr\/magaza\/?post_type=product&#038;p=6195"},"modified":"2025-03-21T16:43:21","modified_gmt":"2025-03-21T13:43:21","slug":"eberspacher-d2l-2kw-12v-yeni-nesil-dizel-karavan-ortam-isitici","status":"publish","type":"product","link":"https:\/\/ermtech.com.tr\/magaza\/urun\/eberspacher-d2l-2kw-12v-yeni-nesil-dizel-karavan-ortam-isitici","title":{"rendered":"Eberspacher D2L 2kW 12V Yeni Nesil Dizel Karavan Ortam Is\u0131t\u0131c\u0131"},"content":{"rendered":"<div id=\"Jpills-two-example1\" class=\"tab-pane fade active show\" role=\"tabpanel\" aria-labelledby=\"Jpills-two-example1-tab\">\n<p><span style=\"color: f28b00; font-family: helvetica; font-weight: bold; font-size: 18px; letter-spacing: -0.3px;\">Eberspacher D2L 2kW 12V Yeni Nesil Dizel Karavan Ortam Is\u0131t\u0131c\u0131<\/span><\/p>\n<p><strong>Eberspacher D2L 12V Yeni Nesil Dizel Karavan Ortam Is\u0131t\u0131c\u0131<\/strong>, karavan veya k\u00fc\u00e7\u00fck i\u00e7 mekan alanlar\u0131n\u0131 \u0131s\u0131tmak i\u00e7in tasarland\u0131. Bu \u0131s\u0131t\u0131c\u0131, 12 voltluk bir ak\u00fcyle \u00e7al\u0131\u015f\u0131r ve d\u00fc\u015f\u00fck yak\u0131t t\u00fcketimi ile \u00e7ok verimlidir. Kompakt tasar\u0131m\u0131 sayesinde, kolayca ta\u015f\u0131nabilir ve kurulumu da olduk\u00e7a kolayd\u0131r.<\/p>\n<p>Bu \u0131s\u0131t\u0131c\u0131n\u0131n en b\u00fcy\u00fck avantaj\u0131, hava ak\u0131m\u0131n\u0131 ayarlayabilme \u00f6zelli\u011fidir. Bu sayede, istedi\u011finiz s\u0131cakl\u0131k seviyesine ula\u015fabilir ve enerji tasarrufu da sa\u011flayabilirsiniz. Ayr\u0131ca, bu \u0131s\u0131t\u0131c\u0131 emisyonsuzdur ve \u00e7evre dostudur, bu nedenle de kullan\u0131m\u0131 olduk\u00e7a g\u00fcvenlidir.<\/p>\n<p><strong>Eberspacher<\/strong> D2L 12V Yeni Nesil <strong>Dizel Karavan Ortam Is\u0131t\u0131c\u0131<\/strong>, sessiz \u00e7al\u0131\u015fmas\u0131 ve kolay kullan\u0131m\u0131 ile de tercih edilen bir \u00fcr\u00fcnd\u00fcr. Kullan\u0131m k\u0131lavuzu ile birlikte gelen bu \u0131s\u0131t\u0131c\u0131, <strong>karavan<\/strong> veya benzeri k\u00fc\u00e7\u00fck i\u00e7 mekanlar\u0131n\u0131zda rahatl\u0131kla kullan\u0131labilir.<\/p>\n<p><span style=\"font-size: 14px;\">2,2 kW 7500BTU, Dahili bir montaj plakas\u0131yla tamamlanan\u00a0<em>Eberspacher Airtronic D2L dizel hava alan\u0131 \u0131s\u0131t\u0131c\u0131s\u0131, karavan\u0131n\u0131zda<\/em>\u00a0veya karavan\u0131n\u0131zda ek \u0131s\u0131tma olarak kullan\u0131m i\u00e7in idealdir.\u00a0<\/span><\/p>\n<h1><span style=\"font-size: 14px;\">Dizel motorlu olmas\u0131 Airtronic D2L&#8217;yi hem yak\u0131t mevcudiyeti hem de \u015febeke d\u0131\u015f\u0131 kullan\u0131m i\u00e7in son derece pratik hale getirir.\u00a0Hava alan\u0131 \u0131s\u0131tmas\u0131 i\u00e7in pop\u00fcler bir se\u00e7im olan Airtronic D2L, motoru \u00e7al\u0131\u015ft\u0131rmadan ya\u015fam alan\u0131n\u0131z\u0131 \u0131s\u0131tman\u0131za olanak tan\u0131r; bu da, karavan\u0131n\u0131z\u0131n veya karavan\u0131n\u0131z\u0131n camlar\u0131n\u0131n buzunun \u00e7\u00f6z\u00fclmesine gerek olmad\u0131\u011f\u0131 anlam\u0131na gelir.<\/span><\/h1>\n<h2>Kompakt, verimli ve programlanabilir!<\/h2>\n<p>H\u0131zl\u0131 \u0131s\u0131nma s\u00fcreleri ile hem kompakt hem de yak\u0131t a\u00e7\u0131s\u0131ndan verimli olan Airtronic D2L dizel hava mahal \u0131s\u0131t\u0131c\u0131s\u0131 pratik ve ekonomiktir.\u00a0Airtronic D2L, yeni Eberspacher EasyStart Pro kontrol paneli kullan\u0131larak tamamen programlanabilir.\u00a0EasyStart Pro kontrol paneli ayr\u0131ca internet, ak\u0131ll\u0131 telefon uygulamalar\u0131 ve hatta bir ak\u0131ll\u0131 saat arac\u0131l\u0131\u011f\u0131yla kontrole izin veren Eberspacher EasyStart Web ile de uyumludur!<\/p>\n<h2>Airtronic D2L \u00e7o\u011fu ortam i\u00e7in uygundur!<\/h2>\n<p>Eberspacher , hem deniz hem de karayolu ortamlar\u0131nda, -40\u00a0\u00b0C\u00a0kadar d\u00fc\u015f\u00fck s\u0131cakl\u0131klarda ve 3.000m (~9800ft) kadar y\u00fcksek rak\u0131mlarda \u00e7al\u0131\u015fabilme \u00f6zelli\u011fiyle Airtronic D2L&#8217;nin m\u00fcmk\u00fcn oldu\u011funca esnek olmas\u0131n\u0131 ve her yerde kullan\u0131labilmesini sa\u011flam\u0131\u015ft\u0131r.<\/p>\n<p>Otomatik y\u00fcksek irtifa \u00f6zelli\u011fi<br \/>\n\u0130rtifa kiti gerekli de\u011fil<br \/>\nKademesiz ayarlanan \u0131s\u0131 \u00e7\u0131k\u0131\u015f\u0131<br \/>\nDaha fazla konfor<br \/>\n5.000 saate artt\u0131r\u0131lm\u0131\u015f uzun \u00f6m\u00fcr<br \/>\nPazarda \u00fcst\u00fcnl\u00fck<br \/>\nGeli\u015ftirilmi\u015f akustik<br \/>\nYak\u0131t pompas\u0131nda \u2018t\u0131k\u2019 sesi yok<br \/>\nCAN \/ LIN \/ S+ aray\u00fczleri<br \/>\nT\u00fcm ileti\u015fim sistemlerine haz\u0131r<\/p>\n<p><span style=\"font-size: 18px;\"><strong>Teknik \u00f6zellikler<\/strong><\/span><\/p>\n<table style=\"height: 580px;\" border=\"0\" width=\"394\" cellspacing=\"0\" cellpadding=\"0\">\n<colgroup>\n<col span=\"3\" width=\"230\" \/> <\/colgroup>\n<tbody>\n<tr>\n<td width=\"230\" height=\"39\"><\/td>\n<td width=\"230\">Airtronic\u00a0D2<\/td>\n<td width=\"230\">Airtronic\u00a0D2L<\/td>\n<\/tr>\n<tr>\n<td width=\"230\" height=\"39\">Is\u0131\u00a0Kapasitesi<\/td>\n<td colspan=\"2\" width=\"459\">K\u00fc\u00e7\u00fck:\u00a0\u00a0\u00a0\u00a0 850\u00a0\u2013 2.200 W (birebir)<br \/>\nOrta:\u00a0900 \u2013 4.000 W (birebir)<\/td>\n<\/tr>\n<tr>\n<td width=\"230\" height=\"39\">Is\u0131\u00a0\u00c7\u0131k\u0131\u015f Ayar\u0131<\/td>\n<td width=\"230\">4\u00a0Kademe<\/td>\n<td width=\"230\">Kademesiz<\/td>\n<\/tr>\n<tr>\n<td width=\"230\" height=\"39\">Motor\u00a0Tipi<\/td>\n<td width=\"230\">F\u0131r\u00e7al\u0131<\/td>\n<td width=\"230\">F\u0131r\u00e7as\u0131z<\/td>\n<\/tr>\n<tr>\n<td width=\"230\" height=\"39\">\u00d6m\u00fcr<\/td>\n<td width=\"230\">3.000\u00a0saat<\/td>\n<td width=\"230\">5.000\u00a0saat<\/td>\n<\/tr>\n<tr>\n<td width=\"230\" height=\"39\">Y\u00fcksek\u00a0\u0130rtifa \u00d6zelli\u011fi<\/td>\n<td width=\"230\">1.500\u00a0metre<\/td>\n<td width=\"230\">3.000\u00a0metre<br \/>\nOtomatik<\/td>\n<\/tr>\n<tr>\n<td width=\"230\" height=\"39\">D\u0131\u015f \u00d6l\u00e7\u00fcler<\/td>\n<td colspan=\"2\" width=\"459\">2 kW:\u00a0310 x 115 x 122 mm (E\u015fit)<br \/>\n4 kW:\u00a0371 x 140 x 150 mm (E\u015fit)<\/td>\n<\/tr>\n<tr>\n<td width=\"230\" height=\"39\">Akustik<\/td>\n<td width=\"230\"><\/td>\n<td width=\"230\">Geli\u015ftirilmi\u015f\u00a0Akustik<br \/>\n(\u00d6zellikle\u00a0yak\u0131t pompas\u0131!)<\/td>\n<\/tr>\n<tr>\n<td width=\"230\" height=\"39\">Mekanik\u00a0Aray\u00fcz<\/td>\n<td colspan=\"2\" width=\"459\">Bug\u00fcnk\u00fc\u00a0Airtronic\u00a01<\/td>\n<\/tr>\n<tr>\n<td width=\"230\" height=\"39\">Elektrik\u00a0Aray\u00fcz\u00fc<\/td>\n<td width=\"230\">LIN, S+<\/td>\n<td width=\"230\">CAN, LIN (12V), S+<\/td>\n<\/tr>\n<tr>\n<td width=\"230\" height=\"39\">Sistem<\/p>\n<p>Kompleksle\u015ftirebilme<\/td>\n<td width=\"230\">Temel Sistemler<br \/>\n(\u00f6rn.\u00a01\u00a0kontrol cihaz\u0131, 1\u00a0\u0131s\u0131t\u0131c\u0131)<\/td>\n<td width=\"230\">Kompleks\u00a0Sistemler<br \/>\n(\u00f6rn.\u00a01\u00a0kontrol\u00a0cihaz\u0131, 1\u00a0sulu- and 1\u00a0kuru tip\u00a0\u0131s\u0131t\u0131c\u0131 m\u00fcmk\u00fcn)<\/td>\n<\/tr>\n<\/tbody>\n<\/table>\n<h2>Airtronic D2L Komple Kit \u0130\u00e7eri\u011fi<\/h2>\n<p>Airtronic D2L, arac\u0131n\u0131za takmak i\u00e7in ihtiyac\u0131n\u0131z olan her \u015feyle birlikte eksiksiz bir kit olarak sa\u011flan\u0131r.\u00a0Bu i\u00e7erir:<\/p>\n<ul>\n<li><strong>Yeni D2L yakla\u015f\u0131k.\u00a0\u00d6nceki D2 modelinden %90 daha sessiz<\/strong><\/li>\n<li><strong>Yeni D2L modeli, \u00f6nceki D2 modeli i\u00e7in 3000 saate kar\u015f\u0131l\u0131k 5000 saat hizmet \u00f6mr\u00fc sa\u011flayan f\u0131r\u00e7as\u0131z bir motora sahiptir!<\/strong><\/li>\n<li>D2L \u0131s\u0131t\u0131c\u0131s\u0131n\u0131 monte etmek i\u00e7in dahili plaka<\/li>\n<li>Yak\u0131t pompal\u0131 ve tutuculu Eberspacher Airtronic D2L 12v \u0131s\u0131t\u0131c\u0131 \u00fcnitesi<\/li>\n<li>Sigorta tutuculu ara\u00e7 i\u00e7in t\u00fcm kablo demeti<\/li>\n<li>Eberspacher EasyStart Pro \u00e7al\u0131\u015ft\u0131rma anahtar\u0131<\/li>\n<li>\u00c7e\u015fitli ara\u00e7lar i\u00e7in mevcut olan yak\u0131t dikme borusu kiti se\u00e7imi (iste\u011fe ba\u011fl\u0131)<\/li>\n<li>susturuculu egzoz<\/li>\n<li>Yanma havas\u0131 giri\u015f borusu<\/li>\n<li>S\u0131cak hava kanal\u0131<\/li>\n<li>yard\u0131mc\u0131 donan\u0131m<\/li>\n<li>Gerekli t\u00fcm klipsler, vidalar ve kelep\u00e7eler<\/li>\n<li>2,2 kW 7500BTU<\/li>\n<\/ul>\n<p><span style=\"font-size: 18px;\"><strong>Paket i\u00e7inde bulunmayan ve\u00a0montaj s\u0131ras\u0131nda karavan tipine g\u00f6re gerekli olabilecek par\u00e7alar;<\/strong><\/span><\/p>\n<ul>\n<li>&#8211; 10Lt Yak\u0131t deposu<\/li>\n<li>&#8211; Sabitleme Braketi<\/li>\n<li>\u00a0&#8211; Kraft Hortum<\/li>\n<\/ul>\n<h2>Eberspacher D2L Yak\u0131t Alma Kitleri- <b>PAKET \u0130\u00c7\u0130NE DAH\u0130L<\/b><\/h2>\n<p>Eberspacher D2L, do\u011fru yak\u0131t toplama kitine sahip oldu\u011funuz s\u00fcrece hemen hemen t\u00fcm ara\u00e7larla \u00e7al\u0131\u015facak evrensel bir \u0131s\u0131t\u0131c\u0131d\u0131r.\u00a0Arac\u0131n\u0131z i\u00e7in hangi kitlere ihtiyac\u0131n\u0131z olaca\u011f\u0131n\u0131 a\u015fa\u011f\u0131daki tablodan inceleyiniz ve yukar\u0131daki a\u00e7\u0131l\u0131r men\u00fcden yak\u0131t kiti se\u00e7imini yap\u0131n\u0131z.<\/p>\n<table border=\"1\">\n<tbody>\n<tr>\n<td><strong>Yak\u0131t Alma Kiti Ara\u00e7 Uyumlulu\u011fu<\/strong><\/td>\n<td><strong>Par\u00e7a Numaras\u0131<\/strong><\/td>\n<\/tr>\n<tr>\n<td>Ford Transit<\/td>\n<td>29.2180.01.0432<\/td>\n<\/tr>\n<tr>\n<td>Mercedes Sprinter\/VW Crafter<\/td>\n<td>29.2180.01.0418<\/td>\n<\/tr>\n<tr>\n<td>Yeni 2018 Mercedes Sprinter<\/td>\n<td>29.2180.01.0420<\/td>\n<\/tr>\n<tr>\n<td>Yeni 2018 VW Crafter<\/td>\n<td>29.2180.01.0422<\/td>\n<\/tr>\n<tr>\n<td>Peugeot Boxer \/ Fiat Ducato \/ Citroen Relay \/ Iveco Daily<\/td>\n<td>29.2180.01.0429<\/td>\n<\/tr>\n<tr>\n<td>VW T5\/T6 Ara\u00e7 (Zaten T6 Ana Kitlerinde Sa\u011flanm\u0131\u015ft\u0131r)<\/td>\n<td>29.2180.01.0423<\/td>\n<\/tr>\n<tr>\n<td>Bas\u0131n\u00e7 Ayar Valfli Renault Master<\/td>\n<td>29.2180.01.0426<\/td>\n<\/tr>\n<\/tbody>\n<\/table>\n<p><iframe title=\"YouTube video player\" src=\"https:\/\/www.youtube.com\/embed\/FtmxPSs0qC0\" width=\"560\" height=\"315\" frameborder=\"0\" allowfullscreen=\"allowfullscreen\"><\/iframe><\/p>\n<\/div>\n","protected":false},"excerpt":{"rendered":"<p>Eberspacher D2L 2kW 12V Yeni Nesil Dizel Karavan Ortam Is\u0131t\u0131c\u0131 Eberspacher D2L 12V Yeni Nesil Dizel Karavan Ortam Is\u0131t\u0131c\u0131, karavan veya k\u00fc\u00e7\u00fck i\u00e7 mekan alanlar\u0131n\u0131 \u0131s\u0131tmak i\u00e7in tasarland\u0131. Bu \u0131s\u0131t\u0131c\u0131,<\/p>\n","protected":false},"featured_media":5299,"comment_status":"open","ping_status":"closed","template":"","meta":{"_acf_changed":false},"product_cat":[229],"product_tag":[],"class_list":{"0":"post-6195","1":"product","2":"type-product","3":"status-publish","4":"has-post-thumbnail","6":"product_cat-gazli-dizel-ortam-isitici","8":"first","9":"instock","10":"taxable","11":"shipping-taxable","12":"purchasable","13":"product-type-simple"},"acf":[],"_links":{"self":[{"href":"https:\/\/ermtech.com.tr\/magaza\/wp-json\/wp\/v2\/product\/6195","targetHints":{"allow":["GET"]}}],"collection":[{"href":"https:\/\/ermtech.com.tr\/magaza\/wp-json\/wp\/v2\/product"}],"about":[{"href":"https:\/\/ermtech.com.tr\/magaza\/wp-json\/wp\/v2\/types\/product"}],"replies":[{"embeddable":true,"href":"https:\/\/ermtech.com.tr\/magaza\/wp-json\/wp\/v2\/comments?post=6195"}],"version-history":[{"count":2,"href":"https:\/\/ermtech.com.tr\/magaza\/wp-json\/wp\/v2\/product\/6195\/revisions"}],"predecessor-version":[{"id":7296,"href":"https:\/\/ermtech.com.tr\/magaza\/wp-json\/wp\/v2\/product\/6195\/revisions\/7296"}],"wp:featuredmedia":[{"embeddable":true,"href":"https:\/\/ermtech.com.tr\/magaza\/wp-json\/wp\/v2\/media\/5299"}],"wp:attachment":[{"href":"https:\/\/ermtech.com.tr\/magaza\/wp-json\/wp\/v2\/media?parent=6195"}],"wp:term":[{"taxonomy":"product_cat","embeddable":true,"href":"https:\/\/ermtech.com.tr\/magaza\/wp-json\/wp\/v2\/product_cat?post=6195"},{"taxonomy":"product_tag","embeddable":true,"href":"https:\/\/ermtech.com.tr\/magaza\/wp-json\/wp\/v2\/product_tag?post=6195"}],"curies":[{"name":"wp","href":"https:\/\/api.w.org\/{rel}","templated":true}]}}